{"id":1310,"date":"2017-01-18T11:58:33","date_gmt":"2017-01-18T11:58:33","guid":{"rendered":"http:\/\/abakos.es\/?page_id=1310\/"},"modified":"2017-01-18T12:04:40","modified_gmt":"2017-01-18T12:04:40","slug":"blog","status":"publish","type":"page","link":"https:\/\/abakos.es\/ca\/blog\/","title":{"rendered":"Blog"},"content":{"rendered":"<p>[et_pb_section admin_label=&#8221;section&#8221;][et_pb_row admin_label=&#8221;row&#8221; make_fullwidth=&#8221;off&#8221; use_custom_width=&#8221;off&#8221; width_unit=&#8221;on&#8221; use_custom_gutter=&#8221;on&#8221; gutter_width=&#8221;2&#8243; allow_player_pause=&#8221;off&#8221; parallax=&#8221;off&#8221; parallax_method=&#8221;off&#8221; make_equal=&#8221;off&#8221; parallax_1=&#8221;off&#8221; parallax_method_1=&#8221;off&#8221;][et_pb_column type=&#8221;4_4&#8243;][et_pb_blog admin_label=&#8221;Blog&#8221; fullwidth=&#8221;off&#8221; posts_number=&#8221;60&#8243; include_categories=&#8221;16,11&#8243; show_thumbnail=&#8221;on&#8221; show_content=&#8221;off&#8221; show_more=&#8221;off&#8221; show_author=&#8221;off&#8221; show_date=&#8221;off&#8221; show_categories=&#8221;on&#8221; show_comments=&#8221;off&#8221; show_pagination=&#8221;on&#8221; use_overlay=&#8221;off&#8221; background_layout=&#8221;light&#8221; use_dropshadow=&#8221;off&#8221; use_border_color=&#8221;off&#8221; border_color=&#8221;#ffffff&#8221; border_style=&#8221;solid&#8221; offset_number=&#8221;0&#8243;] [\/et_pb_blog][\/et_pb_column][\/et_pb_row][\/et_pb_section]<\/p>\n","protected":false},"excerpt":{"rendered":"","protected":false},"author":1,"featured_media":0,"parent":0,"menu_order":0,"comment_status":"closed","ping_status":"closed","template":"","meta":{"_et_pb_use_builder":"on","_et_pb_old_content":"","_et_gb_content_width":"","footnotes":""},"yoast_head":"<!-- This site is optimized with the Yoast SEO plugin v22.0 - https:\/\/yoast.com\/wordpress\/plugins\/seo\/ -->\n<title>Blog \u25b7 Barcelona | \u00c0BAKOS<\/title>\n<meta name=\"description\" content=\"Articles, manuals, tutorials i not\u00edcies interessants per als clients d&#039;allotjament de p\u00e0gines web de \u00e0bakos.es\" \/>\n<meta name=\"robots\" content=\"index, follow, max-snippet:-1, max-image-preview:large, max-video-preview:-1\" \/>\n<link rel=\"canonical\" href=\"https:\/\/abakos.es\/blog\/\" \/>\n<meta property=\"og:locale\" content=\"ca_ES\" \/>\n<meta property=\"og:type\" content=\"article\" \/>\n<meta property=\"og:title\" content=\"Blog \u25b7 Barcelona | \u00c0BAKOS\" \/>\n<meta property=\"og:description\" content=\"Articles, manuals, tutorials i not\u00edcies interessants per als clients d&#039;allotjament de p\u00e0gines web de \u00e0bakos.es\" \/>\n<meta property=\"og:url\" content=\"https:\/\/abakos.es\/blog\/\" \/>\n<meta property=\"og:site_name\" content=\"Barcelona | \u00c0BAKOS\" \/>\n<meta property=\"article:modified_time\" content=\"2017-01-18T12:04:40+00:00\" \/>\n<meta name=\"twitter:card\" content=\"summary_large_image\" \/>\n<meta name=\"twitter:site\" content=\"@abakos_bcn\" \/>\n<meta name=\"twitter:label1\" content=\"Temps estimat de lectura\" \/>\n\t<meta name=\"twitter:data1\" content=\"1 minut\" \/>\n<script type=\"application\/ld+json\" class=\"yoast-schema-graph\">{\"@context\":\"https:\/\/schema.org\",\"@graph\":[{\"@type\":\"WebPage\",\"@id\":\"https:\/\/abakos.es\/blog\/\",\"url\":\"https:\/\/abakos.es\/blog\/\",\"name\":\"Blog \u25b7 Barcelona | \u00c0BAKOS\",\"isPartOf\":{\"@id\":\"https:\/\/abakos.es\/#website\"},\"datePublished\":\"2017-01-18T11:58:33+00:00\",\"dateModified\":\"2017-01-18T12:04:40+00:00\",\"description\":\"Articles, manuals, tutorials i not\u00edcies interessants per als clients d'allotjament de p\u00e0gines web de \u00e0bakos.es\",\"breadcrumb\":{\"@id\":\"https:\/\/abakos.es\/blog\/#breadcrumb\"},\"inLanguage\":\"ca\",\"potentialAction\":[{\"@type\":\"ReadAction\",\"target\":[\"https:\/\/abakos.es\/blog\/\"]}]},{\"@type\":\"BreadcrumbList\",\"@id\":\"https:\/\/abakos.es\/blog\/#breadcrumb\",\"itemListElement\":[{\"@type\":\"ListItem\",\"position\":1,\"name\":\"Portada\",\"item\":\"https:\/\/abakos.es\/\"},{\"@type\":\"ListItem\",\"position\":2,\"name\":\"Blog\"}]},{\"@type\":\"WebSite\",\"@id\":\"https:\/\/abakos.es\/#website\",\"url\":\"https:\/\/abakos.es\/\",\"name\":\"Barcelona | \u00c0BAKOS\",\"description\":\"Disseny de p\u00e0gines web a Barcelona.\",\"publisher\":{\"@id\":\"https:\/\/abakos.es\/#organization\"},\"potentialAction\":[{\"@type\":\"SearchAction\",\"target\":{\"@type\":\"EntryPoint\",\"urlTemplate\":\"https:\/\/abakos.es\/?s={search_term_string}\"},\"query-input\":\"required name=search_term_string\"}],\"inLanguage\":\"ca\"},{\"@type\":\"Organization\",\"@id\":\"https:\/\/abakos.es\/#organization\",\"name\":\"\u00e0bakos - eureka multimedia, SL\",\"url\":\"https:\/\/abakos.es\/\",\"logo\":{\"@type\":\"ImageObject\",\"inLanguage\":\"ca\",\"@id\":\"https:\/\/abakos.es\/#\/schema\/logo\/image\/\",\"url\":\"https:\/\/abakos.es\/wordpress\/wp-content\/uploads\/2015\/10\/logo-abakos-1.png\",\"contentUrl\":\"https:\/\/abakos.es\/wordpress\/wp-content\/uploads\/2015\/10\/logo-abakos-1.png\",\"width\":377,\"height\":92,\"caption\":\"\u00e0bakos - eureka multimedia, SL\"},\"image\":{\"@id\":\"https:\/\/abakos.es\/#\/schema\/logo\/image\/\"},\"sameAs\":[\"https:\/\/twitter.com\/abakos_bcn\"]}]}<\/script>\n<!-- \/ Yoast SEO plugin. -->","yoast_head_json":{"title":"Blog \u25b7 Barcelona | \u00c0BAKOS","description":"Articles, manuals, tutorials i not\u00edcies interessants per als clients d'allotjament de p\u00e0gines web de \u00e0bakos.es","robots":{"index":"index","follow":"follow","max-snippet":"max-snippet:-1","max-image-preview":"max-image-preview:large","max-video-preview":"max-video-preview:-1"},"canonical":"https:\/\/abakos.es\/blog\/","og_locale":"ca_ES","og_type":"article","og_title":"Blog \u25b7 Barcelona | \u00c0BAKOS","og_description":"Articles, manuals, tutorials i not\u00edcies interessants per als clients d'allotjament de p\u00e0gines web de \u00e0bakos.es","og_url":"https:\/\/abakos.es\/blog\/","og_site_name":"Barcelona | \u00c0BAKOS","article_modified_time":"2017-01-18T12:04:40+00:00","twitter_card":"summary_large_image","twitter_site":"@abakos_bcn","twitter_misc":{"Temps estimat de lectura":"1 minut"},"schema":{"@context":"https:\/\/schema.org","@graph":[{"@type":"WebPage","@id":"https:\/\/abakos.es\/blog\/","url":"https:\/\/abakos.es\/blog\/","name":"Blog \u25b7 Barcelona | \u00c0BAKOS","isPartOf":{"@id":"https:\/\/abakos.es\/#website"},"datePublished":"2017-01-18T11:58:33+00:00","dateModified":"2017-01-18T12:04:40+00:00","description":"Articles, manuals, tutorials i not\u00edcies interessants per als clients d'allotjament de p\u00e0gines web de \u00e0bakos.es","breadcrumb":{"@id":"https:\/\/abakos.es\/blog\/#breadcrumb"},"inLanguage":"ca","potentialAction":[{"@type":"ReadAction","target":["https:\/\/abakos.es\/blog\/"]}]},{"@type":"BreadcrumbList","@id":"https:\/\/abakos.es\/blog\/#breadcrumb","itemListElement":[{"@type":"ListItem","position":1,"name":"Portada","item":"https:\/\/abakos.es\/"},{"@type":"ListItem","position":2,"name":"Blog"}]},{"@type":"WebSite","@id":"https:\/\/abakos.es\/#website","url":"https:\/\/abakos.es\/","name":"Barcelona | \u00c0BAKOS","description":"Disseny de p\u00e0gines web a Barcelona.","publisher":{"@id":"https:\/\/abakos.es\/#organization"},"potentialAction":[{"@type":"SearchAction","target":{"@type":"EntryPoint","urlTemplate":"https:\/\/abakos.es\/?s={search_term_string}"},"query-input":"required name=search_term_string"}],"inLanguage":"ca"},{"@type":"Organization","@id":"https:\/\/abakos.es\/#organization","name":"\u00e0bakos - eureka multimedia, SL","url":"https:\/\/abakos.es\/","logo":{"@type":"ImageObject","inLanguage":"ca","@id":"https:\/\/abakos.es\/#\/schema\/logo\/image\/","url":"https:\/\/abakos.es\/wordpress\/wp-content\/uploads\/2015\/10\/logo-abakos-1.png","contentUrl":"https:\/\/abakos.es\/wordpress\/wp-content\/uploads\/2015\/10\/logo-abakos-1.png","width":377,"height":92,"caption":"\u00e0bakos - eureka multimedia, SL"},"image":{"@id":"https:\/\/abakos.es\/#\/schema\/logo\/image\/"},"sameAs":["https:\/\/twitter.com\/abakos_bcn"]}]}},"_links":{"self":[{"href":"https:\/\/abakos.es\/ca\/wp-json\/wp\/v2\/pages\/1310"}],"collection":[{"href":"https:\/\/abakos.es\/ca\/wp-json\/wp\/v2\/pages"}],"about":[{"href":"https:\/\/abakos.es\/ca\/wp-json\/wp\/v2\/types\/page"}],"author":[{"embeddable":true,"href":"https:\/\/abakos.es\/ca\/wp-json\/wp\/v2\/users\/1"}],"replies":[{"embeddable":true,"href":"https:\/\/abakos.es\/ca\/wp-json\/wp\/v2\/comments?post=1310"}],"version-history":[{"count":1,"href":"https:\/\/abakos.es\/ca\/wp-json\/wp\/v2\/pages\/1310\/revisions"}],"predecessor-version":[{"id":1311,"href":"https:\/\/abakos.es\/ca\/wp-json\/wp\/v2\/pages\/1310\/revisions\/1311"}],"wp:attachment":[{"href":"https:\/\/abakos.es\/ca\/wp-json\/wp\/v2\/media?parent=1310"}],"curies":[{"name":"wp","href":"https:\/\/api.w.org\/{rel}","templated":true}]}}