{"id":1155,"date":"2016-10-16T17:08:59","date_gmt":"2016-10-16T17:08:59","guid":{"rendered":"https:\/\/abakos.es\/aviso-legal\/"},"modified":"2016-12-31T14:42:44","modified_gmt":"2016-12-31T14:42:44","slug":"avis-legal","status":"publish","type":"page","link":"https:\/\/abakos.es\/ca\/avis-legal\/","title":{"rendered":"Av\u00eds legal"},"content":{"rendered":"<h4>Identificaci\u00f3n del website<\/h4>\n<p>En cumplimiento de lo dispuesto en el art\u00edculo 10 de la Ley 34\/2002, de 11 de julio, de Servicios de la Sociedad de la Informaci\u00f3n y Comercio Electr\u00f3nico (LSSICE), ponemos a su disposici\u00f3n la \u201cinformaci\u00f3n general\u201d, que comprende los datos identificativos de la entidad titular de este WEBSITE:<\/p>\n<p><strong>Denominaci\u00f3n Social<\/strong>: EUREKA MULTIMEDIA, S. L.<br \/>\n<strong>Nombre Comercial<\/strong>: \u00e0bakos<br \/>\n<strong>Domicilio de Contacto<\/strong>: c\/ Sant Pere M\u00e9s Alt, 2, Bajos 2, 08003 Barcelona<br \/>\n<strong>Domicilio Social<\/strong>: c\/ Cam\u00e8lies, 39-41, 08024 Barcelona<br \/>\n<strong>NIF<\/strong>: B-61603080<br \/>\n<strong>Tel\u00e9fono<\/strong>: +34 932 372 386<br \/>\n<strong>e-Mail<\/strong>: <a href=\"mailto:info@abakos.es\" target=\"_blank\">info@abakos.es<\/a><br \/>\n<strong>Nombre de dominio<\/strong>: <a href=\"http:\/\/www.abakos.es\">www.abakos.es<\/a><br \/>\nInscrita en el Registro Mercantil de Barcelona tomo 30557, folio 20, hoja B 174177, inscripci\u00f3n 1<\/p>\n<p>&nbsp;<\/p>\n<h5>CONDICIONES DE USO:<\/h5>\n<h4>Atribuci\u00f3n de la condici\u00f3n de usuario<\/h4>\n<p>La utilizaci\u00f3n de www.abakos.es (en adelante, el \u201cWEBSITE\u201d) atribuye la condici\u00f3n de usuario implica la aceptaci\u00f3n plena y sin reservas de todas y cada una de las disposiciones incluidas en este Aviso Legal en la versi\u00f3n Eureka Multimedia, S.L. (en adelante, \u201c\u00c0bakos\u201d) en el momento mismo en que el usuario acceda al WEBSITE. En consecuencia, el usuario debe leer atentamente el presente Aviso Legal en cada una de las ocasiones en que se proponga utilizar el WEBSITE, ya que aqu\u00e9l puede sufrir modificaciones.<\/p>\n<p>\u00c0bakos se reserva el derecho de modificar las condiciones de uso del WEBSITE, es obligaci\u00f3n del Usuario revisar peri\u00f3dicamente las presentes condiciones.<\/p>\n<h4>Objeto<\/h4>\n<p>Las presentes condiciones de uso pretenden regular el acceso de los usuarios y la navegaci\u00f3n posterior por el WEBSITE. Asimismo, estas condiciones regulan la relaci\u00f3n entre los usuarios e \u00c0bakos cuando los primeros utilicen el WEBSITE ofrecido por \u00c0bakos o deseen contratar alguno de los servicios ofrecidos.<\/p>\n<h4>Obligaciones de los usuarios<\/h4>\n<p>Acceso y utilizaci\u00f3n del WEBSITE:<\/p>\n<p>La visita y la consulta de informaci\u00f3n del WEBSITE, tiene car\u00e1cter gratuito para todos los Usuarios<\/p>\n<p>Con car\u00e1cter general la prestaci\u00f3n de los Servicios NO exige el previo registro del Usuario, pero en caso que lo exija, usted se compromete a hacer un uso diligente del nombre de Usuario y contrase\u00f1a y a mantenerla en secreto, respondiendo as\u00ed de todos los perjuicios del uso incorrecto y negligente de los mismos. Deber\u00e1 el Usuario comunicar al \u00c0bakos la p\u00e9rdida o robo de los mismos o del posible acceso por un tercero no autorizado, de tal forma que \u00e9ste proceda al bloqueo inmediato.<\/p>\n<p>El Usuario se compromete a utilizar el WEBSITE y cualquiera de los servicios de conformidad con la ley, el presente Aviso Legal en su caso y dem\u00e1s avisos, reglamentos de uso e instrucciones puestos en su conocimiento, as\u00ed como con la moral y las buenas costumbres generalmente aceptadas y el orden.<\/p>\n<p>Obligaci\u00f3n de hacer un uso correcto de los Contenidos:<\/p>\n<p>El Usuario se compromete a utilizar los contenidos puestos a disposici\u00f3n de los Usuarios en el WEBSITE y, entendiendo por estos, sin que esta enumeraci\u00f3n tenga car\u00e1cter limitativo, los textos, fotograf\u00edas, gr\u00e1ficos, im\u00e1genes, iconos, tecnolog\u00eda, software, links y dem\u00e1s contenidos audiovisuales o sonoros, as\u00ed como su dise\u00f1o gr\u00e1fico y c\u00f3digos fuente (en adelante, los \u201cContenidos\u201d), de conformidad con la ley, el presente Aviso Legal (condiciones de uso) y dem\u00e1s avisos, reglamentos de uso e instrucciones puestos en su conocimiento, as\u00ed como con la moral y las buenas costumbres generalmente aceptadas y el orden p\u00fablico.<\/p>\n<p>\u00c0bakos podr\u00e1 bloquear y cancelar inmediatamente la cuenta del usuario que cometa alguna de las conductas anteriormente descritas y comunicar\u00e1n sus datos a las autoridades p\u00fablicas para que act\u00faen en consecuencia.<\/p>\n<p>Uso de los Servicios ofrecidos en el WEBSITE y de conformidad con la Pol\u00edtica Anti-Spamming de \u00c0bakos, el Usuario se abstendr\u00e1 de:<\/p>\n<p>(i) recabar datos con finalidad publicitaria y de remitir publicidad de cualquier clase y comunicaciones con fines de venta u otras de naturaleza comercial sin que medie su previa solicitud o consentimiento;<br \/>\n(ii) remitir cualesquiera otros mensajes no solicitados ni consentidos previamente a una pluralidad de personas;<br \/>\n(iii) enviar cadenas de mensajes electr\u00f3nicos no solicitados ni previamente consentidos;<br \/>\n(iv) utilizar listas de distribuci\u00f3n a las que pueda accederse a trav\u00e9s de los Servicios para la realizaci\u00f3n de las actividades se\u00f1aladas en los apartados (i) a (iii) anteriores;<br \/>\n(v) poner a disposici\u00f3n de terceros, con cualquier finalidad, datos recabados a partir de listas de distribuci\u00f3n.<\/p>\n<p>Los Usuarios o terceros perjudicados por la recepci\u00f3n de mensajes no solicitados dirigidos a una pluralidad de personas podr\u00e1n comunic\u00e1rselo a \u00c0bakos remitiendo un mensaje a la siguiente direcci\u00f3n de correo electr\u00f3nico: info@abakos.es.<\/p>\n<h4>Propiedad intelectual<\/h4>\n<p>\u00c0bakos es titular de los derechos de propiedad intelectual e industrial, o ha obtenido las autorizaciones o licencias correspondientes para su explotaci\u00f3n, sobre el nombre de dominio, las marcas y signos distintivos, la informaci\u00f3n y el resto de obras e invenciones relacionadas con el WEBSITE y la tecnolog\u00eda asociada al mismo, as\u00ed como sobre sus contenidos.<\/p>\n<p>Los contenidos de este WEBSITE, incluyendo dise\u00f1os, aplicaciones, texto, im\u00e1genes y c\u00f3digo fuente, est\u00e1n protegidos por derechos de propiedad intelectual e industrial.<\/p>\n<p>De ninguna forma el contenido se podr\u00e1 utilizar, reproducir, copiar o transmitir en forma alguna sin el permiso previo, escrito y expl\u00edcito de \u00c0bakos.<\/p>\n<p>El Usuario deber\u00e1 abstenerse de aportar contenidos que hayan sido obtenidos de forma il\u00edcita o protegidos por derechos de propiedad intelectual (copyright) sin la autorizaci\u00f3n expresa de los autores originales o los propietarios de los citados derechos. En todo caso, responder\u00e1 el usuario y no\u00a0\u00c0bakos de las posibles reclamaciones econ\u00f3micas o de cualquier tipo que pudieran dirigirse a\u00a0\u00c0bakos por estos hechos en reclamaci\u00f3n de los citados derechos de propiedad intelectual.<\/p>\n<p>\u201c\u00c0bakos\u201d es una marca comercial registrada por Eureka Multimedia, S.L., cuyos derechos de explotaci\u00f3n en exclusiva pertenecen a la misma.<\/p>\n<p>En el caso en el cual un Usuario o un tercero considere que existen hechos o circunstancias que revelen el car\u00e1cter indebido de la utilizaci\u00f3n de cualquier contenido y\/o de la realizaci\u00f3n de cualquier actividad en las p\u00e1ginas web incluidas o accesibles a trav\u00e9s del WEBSITE y, en particular, de la violaci\u00f3n de derechos de propiedad intelectual o industrial (patentes, modelos y dibujos industriales, marcas y nombres comerciales, etc.), el incumplimiento de los deberes y obligaciones previstas en estas condiciones o la vulneraci\u00f3n de otros derechos, deber\u00e1 enviar un email a info@abakos.es informando a\u00a0\u00c0bakos y en el que se contengan los siguientes extremos.:<\/p>\n<ol>\n<li>Datos personales del reclamante: nombre, direcci\u00f3n, n\u00famero de tel\u00e9fono y direcci\u00f3n de correo electr\u00f3nico;<\/li>\n<li>Especificaci\u00f3n de la supuesta actividad il\u00edcita llevada a cabo en el WEBSITE y, en particular, cuando se trate de una supuesta violaci\u00f3n de derechos, indicaci\u00f3n precisa y concreta de los contenidos protegidos as\u00ed como de su localizaci\u00f3n en las p\u00e1ginas web;<\/li>\n<li>Hechos o circunstancias que revelan el car\u00e1cter il\u00edcito de dicha actividad;<\/li>\n<li>En el supuesto de violaci\u00f3n de derechos, con los datos personales del titular de los derechos supuestamente infringidos.<\/li>\n<li>Declaraci\u00f3n expresa, clara y bajo la responsabilidad del reclamante de que la informaci\u00f3n proporcionada en la notificaci\u00f3n es exacta y del car\u00e1cter indebido de la utilizaci\u00f3n de los contenidos o de la realizaci\u00f3n de las actividades descritas.<\/li>\n<\/ol>\n<p>\u00c0bakos proceder\u00e1 de inmediato a adoptar las medidas para la subsanaci\u00f3n o eliminaci\u00f3n, en su caso de los citados datos o contenidos.<\/p>\n<p>Todos los servicios del uso del software est\u00e1n protegidos por leyes de copyright y tratados internacionales de copyright, as\u00ed como otras leyes y tratados de car\u00e1cter intelectual. Todos los derechos de t\u00edtulo y de propiedad intelectual en el contenido que se accede por medio del uso del WEBSITE es propiedad de \u00c0bakos o del respectivo due\u00f1o y tambi\u00e9n est\u00e1n protegidos por copyright y otras leyes de propiedad intelectual.<\/p>\n<h4>Protecci\u00f3n de datos personales y de confidencialidad<\/h4>\n<p>Con car\u00e1cter general la prestaci\u00f3n de los Servicios NO exige el previo registro del Usuario. Debe saber que los datos personales que nos facilite s\u00f3lo se usar\u00e1n para mejorar su experiencia de usuario y para poder ofrecerle un servicio \u00f3ptimo y de calidad. En caso que sea necesario el registro como usuario, usted nos autoriza a tratar sus datos con las finalidades indicadas.<\/p>\n<p>\u00c0bakos garantiza la confidencialidad y seguridad de sus datos de car\u00e1cter personal cuando \u00e9stos son objeto de tratamiento en la medida que tiene implantadas las pol\u00edticas de tratamiento y medidas de seguridad a las que se refiere el art\u00edculo 9 de la Ley Org\u00e1nica 15\/1999, de 13 de diciembre de Protecci\u00f3n de Datos de Car\u00e1cter Personal y que regula con detalle el Real Decreto 1720\/2007 de 21 de diciembre. Las pol\u00edticas de tratamiento y medidas de seguridad implantadas en \u00c0bakos evitan la alteraci\u00f3n, p\u00e9rdida, tratamiento o uso no autorizado de sus datos de car\u00e1cter personal.<\/p>\n<p>Toda la informaci\u00f3n que facilite el usuario a trav\u00e9s del registro o cumplimentando los formularios del WEBSITE deber\u00e1 ser veraz. A estos efectos, el usuario garantiza la autenticidad de todos aquellos datos que comunique como consecuencia de la cumplimentaci\u00f3n de los formularios necesarios para la suscripci\u00f3n de los Servicios. De igual forma, ser\u00e1 responsabilidad del usuario mantener toda la informaci\u00f3n facilitada a \u00c0bakos permanentemente actualizada de forma que responda, en cada momento, a la situaci\u00f3n real del usuario. El usuario ser\u00e1 el \u00fanico responsable de las manifestaciones falsas o inexactas que realice y de los perjuicios que cause a\u00a0\u00c0bakos o a terceros por la informaci\u00f3n que facilite.<\/p>\n<p>Podr\u00e1 ejercer sus derechos de acceso, rectificaci\u00f3n, cancelaci\u00f3n y oposici\u00f3n dirigi\u00e9ndose a \u00c0bakos enviando un email a info@abakos.es en los t\u00e9rminos y condiciones previstos en la Ley Org\u00e1nica 15\/1999, de 13 de diciembre de Protecci\u00f3n de Datos de Car\u00e1cter Personal y en el Real Decreto 1720\/2007 de 21 de diciembre.<\/p>\n<p>Para mayor informaci\u00f3n sobre los tratamientos de datos que efect\u00faa \u00c0bakos, puede consultar nuestra POLITICA DE PRIVACIDAD y POL\u00cdTICA DE COOKIES.<\/p>\n<h4>Limitaciones de responsabilidad<\/h4>\n<p>\u00c0bakos no garantiza la disponibilidad y continuidad del funcionamiento de los servicios del WEBSITE. Cuando ello sea razonablemente posible, \u00c0bakos advertir\u00e1 previamente de las interrupciones en el funcionamiento de los mismos. \u00c0bakos tampoco garantiza la utilidad de los servicios del WEBSITE para la realizaci\u00f3n de ninguna actividad en concreto, ni su infalibilidad y, en particular, aunque no de modo exclusivo, no garantiza que los usuarios puedan efectivamente utilizar los mismos, acceder a las distintas p\u00e1ginas web que forman el WEBSITE o a aqu\u00e9llas desde las que se prestan los servicios.<\/p>\n<p>\u00c0bakos excluye, cualquier responsabilidad por los da\u00f1os y perjuicios de toda naturaleza que puedan deberse a reclamaciones por derechos de autor y\/o de imagen sobre el material publicado o por reclamaciones en relaci\u00f3n a la vulneraci\u00f3n de la privacidad de las personas que aparecen en los videos e im\u00e1genes publicados. Estas reclamaciones deber\u00e1n dirigirse contra las entidades o personas que proveen del citado material audiovisual a\u00a0\u00c0bakos puesto que nuestra entidad no produce el mismo. En todo caso, si usted se siente perjudicado por la difusi\u00f3n en nuestro WEBSITE de videos o im\u00e1genes, puede remitirnos un email a: info@abakos.es y estudiaremos su reclamaci\u00f3n y la posibilidad de retirar el material de nuestro WEBSITE.<\/p>\n<p>\u00c0bakos no garantiza la veracidad, exactitud, exhaustividad y actualidad de los Contenidos de su WEBSITE generados por los empleados de \u00c0bakos o por los usuarios del WEBSITE al publicar sus opiniones en este WEBSITE.<\/p>\n<p>Respecto a los Enlaces externos: el WEBSITE puede contener enlaces a sitios web que no pertenecen, ni son controlados, editados o censurados por \u00c0bakos por lo tanto no asumimos ninguna responsabilidad por el contenido, pol\u00edticas de privacidad o pr\u00e1cticas de estos sitios web externos. La existencia de dichos enlaces en la web no comporta, por parte de \u00c0bakos, la aprobaci\u00f3n de los productos, servicios, contenidos, informaci\u00f3n, datos, archivos y cualquier otra clase de material existente en tales sitios web y no controla ni se hace responsable de la calidad, licitud, fiabilidad y utilidad de la informaci\u00f3n y\/o contenidos y servicios existentes en los sitios web enlazados y que son ajenos a \u00e9ste sitio web y sus responsabilidades.<\/p>\n<h4>Legislaci\u00f3n aplicable<\/h4>\n<p>Los t\u00e9rminos y el uso del WEBSITE de \u00c0bakos o cualquier servicio que ofrezca \u00c0bakos, ser\u00e1n regidos e interpretados de acuerdo con las leyes espa\u00f1olas, y para cualquier controversia que se derive del uso de este servicio las partes se someten expresamente a la Jurisdicci\u00f3n de los Tribunales de la ciudad de Barcelona (Espa\u00f1a).<\/p>\n<p>Tambi\u00e9n puede consultar nuestra <a href=\"https:\/\/abakos.es\/ca\/cookie-policy\/\">Pol\u00edtica de cookies<\/a>.<\/p>\n<p>&nbsp;<\/p>\n","protected":false},"excerpt":{"rendered":"<p>Identificaci\u00f3n del website En cumplimiento de lo dispuesto en el art\u00edculo 10 de la Ley 34\/2002, de 11 de julio, de Servicios de la Sociedad de la Informaci\u00f3n y Comercio Electr\u00f3nico (LSSICE), ponemos a su disposici\u00f3n la \u201cinformaci\u00f3n general\u201d, que comprende los datos identificativos de la entidad titular de este WEBSITE: Denominaci\u00f3n Social: EUREKA MULTIMEDIA, [&hellip;]<\/p>\n","protected":false},"author":1,"featured_media":0,"parent":0,"menu_order":0,"comment_status":"closed","ping_status":"closed","template":"","meta":{"_et_pb_use_builder":"on","_et_pb_old_content":"","_et_gb_content_width":"","footnotes":""},"yoast_head":"<!-- This site is optimized with the Yoast SEO plugin v22.0 - https:\/\/yoast.com\/wordpress\/plugins\/seo\/ -->\n<title>Av\u00eds legal \u25b7 Barcelona | \u00c0BAKOS<\/title>\n<meta name=\"description\" content=\"Aviso legal, protecci\u00f3n de datos, limitaciones de responsabilidad y legislaci\u00f3n aplicable de la p\u00e1gina www.abakos.es\" \/>\n<meta name=\"robots\" content=\"index, nofollow, max-snippet:-1, max-image-preview:large, max-video-preview:-1\" \/>\n<link rel=\"canonical\" href=\"https:\/\/abakos.es\/aviso-legal\/\" \/>\n<meta property=\"og:locale\" content=\"ca_ES\" \/>\n<meta property=\"og:type\" content=\"article\" \/>\n<meta property=\"og:title\" content=\"Av\u00eds legal \u25b7 Barcelona | \u00c0BAKOS\" \/>\n<meta property=\"og:description\" content=\"Aviso legal, protecci\u00f3n de datos, limitaciones de responsabilidad y legislaci\u00f3n aplicable de la p\u00e1gina www.abakos.es\" \/>\n<meta property=\"og:url\" content=\"https:\/\/abakos.es\/aviso-legal\/\" \/>\n<meta property=\"og:site_name\" content=\"Barcelona | \u00c0BAKOS\" \/>\n<meta property=\"article:modified_time\" content=\"2016-12-31T14:42:44+00:00\" \/>\n<meta name=\"twitter:card\" content=\"summary_large_image\" \/>\n<meta name=\"twitter:site\" content=\"@abakos_bcn\" \/>\n<meta name=\"twitter:label1\" content=\"Temps estimat de lectura\" \/>\n\t<meta name=\"twitter:data1\" content=\"11 minuts\" \/>\n<script type=\"application\/ld+json\" class=\"yoast-schema-graph\">{\"@context\":\"https:\/\/schema.org\",\"@graph\":[{\"@type\":\"WebPage\",\"@id\":\"https:\/\/abakos.es\/aviso-legal\/\",\"url\":\"https:\/\/abakos.es\/aviso-legal\/\",\"name\":\"Av\u00eds legal \u25b7 Barcelona | \u00c0BAKOS\",\"isPartOf\":{\"@id\":\"https:\/\/abakos.es\/#website\"},\"datePublished\":\"2016-10-16T17:08:59+00:00\",\"dateModified\":\"2016-12-31T14:42:44+00:00\",\"description\":\"Aviso legal, protecci\u00f3n de datos, limitaciones de responsabilidad y legislaci\u00f3n aplicable de la p\u00e1gina www.abakos.es\",\"breadcrumb\":{\"@id\":\"https:\/\/abakos.es\/aviso-legal\/#breadcrumb\"},\"inLanguage\":\"ca\",\"potentialAction\":[{\"@type\":\"ReadAction\",\"target\":[\"https:\/\/abakos.es\/aviso-legal\/\"]}]},{\"@type\":\"BreadcrumbList\",\"@id\":\"https:\/\/abakos.es\/aviso-legal\/#breadcrumb\",\"itemListElement\":[{\"@type\":\"ListItem\",\"position\":1,\"name\":\"Portada\",\"item\":\"https:\/\/abakos.es\/\"},{\"@type\":\"ListItem\",\"position\":2,\"name\":\"Av\u00eds legal\"}]},{\"@type\":\"WebSite\",\"@id\":\"https:\/\/abakos.es\/#website\",\"url\":\"https:\/\/abakos.es\/\",\"name\":\"Barcelona | \u00c0BAKOS\",\"description\":\"Disseny de p\u00e0gines web a Barcelona.\",\"publisher\":{\"@id\":\"https:\/\/abakos.es\/#organization\"},\"potentialAction\":[{\"@type\":\"SearchAction\",\"target\":{\"@type\":\"EntryPoint\",\"urlTemplate\":\"https:\/\/abakos.es\/?s={search_term_string}\"},\"query-input\":\"required name=search_term_string\"}],\"inLanguage\":\"ca\"},{\"@type\":\"Organization\",\"@id\":\"https:\/\/abakos.es\/#organization\",\"name\":\"\u00e0bakos - eureka multimedia, SL\",\"url\":\"https:\/\/abakos.es\/\",\"logo\":{\"@type\":\"ImageObject\",\"inLanguage\":\"ca\",\"@id\":\"https:\/\/abakos.es\/#\/schema\/logo\/image\/\",\"url\":\"https:\/\/abakos.es\/wordpress\/wp-content\/uploads\/2015\/10\/logo-abakos-1.png\",\"contentUrl\":\"https:\/\/abakos.es\/wordpress\/wp-content\/uploads\/2015\/10\/logo-abakos-1.png\",\"width\":377,\"height\":92,\"caption\":\"\u00e0bakos - eureka multimedia, SL\"},\"image\":{\"@id\":\"https:\/\/abakos.es\/#\/schema\/logo\/image\/\"},\"sameAs\":[\"https:\/\/twitter.com\/abakos_bcn\"]}]}<\/script>\n<!-- \/ Yoast SEO plugin. -->","yoast_head_json":{"title":"Av\u00eds legal \u25b7 Barcelona | \u00c0BAKOS","description":"Aviso legal, protecci\u00f3n de datos, limitaciones de responsabilidad y legislaci\u00f3n aplicable de la p\u00e1gina www.abakos.es","robots":{"index":"index","follow":"nofollow","max-snippet":"max-snippet:-1","max-image-preview":"max-image-preview:large","max-video-preview":"max-video-preview:-1"},"canonical":"https:\/\/abakos.es\/aviso-legal\/","og_locale":"ca_ES","og_type":"article","og_title":"Av\u00eds legal \u25b7 Barcelona | \u00c0BAKOS","og_description":"Aviso legal, protecci\u00f3n de datos, limitaciones de responsabilidad y legislaci\u00f3n aplicable de la p\u00e1gina www.abakos.es","og_url":"https:\/\/abakos.es\/aviso-legal\/","og_site_name":"Barcelona | \u00c0BAKOS","article_modified_time":"2016-12-31T14:42:44+00:00","twitter_card":"summary_large_image","twitter_site":"@abakos_bcn","twitter_misc":{"Temps estimat de lectura":"11 minuts"},"schema":{"@context":"https:\/\/schema.org","@graph":[{"@type":"WebPage","@id":"https:\/\/abakos.es\/aviso-legal\/","url":"https:\/\/abakos.es\/aviso-legal\/","name":"Av\u00eds legal \u25b7 Barcelona | \u00c0BAKOS","isPartOf":{"@id":"https:\/\/abakos.es\/#website"},"datePublished":"2016-10-16T17:08:59+00:00","dateModified":"2016-12-31T14:42:44+00:00","description":"Aviso legal, protecci\u00f3n de datos, limitaciones de responsabilidad y legislaci\u00f3n aplicable de la p\u00e1gina www.abakos.es","breadcrumb":{"@id":"https:\/\/abakos.es\/aviso-legal\/#breadcrumb"},"inLanguage":"ca","potentialAction":[{"@type":"ReadAction","target":["https:\/\/abakos.es\/aviso-legal\/"]}]},{"@type":"BreadcrumbList","@id":"https:\/\/abakos.es\/aviso-legal\/#breadcrumb","itemListElement":[{"@type":"ListItem","position":1,"name":"Portada","item":"https:\/\/abakos.es\/"},{"@type":"ListItem","position":2,"name":"Av\u00eds legal"}]},{"@type":"WebSite","@id":"https:\/\/abakos.es\/#website","url":"https:\/\/abakos.es\/","name":"Barcelona | \u00c0BAKOS","description":"Disseny de p\u00e0gines web a Barcelona.","publisher":{"@id":"https:\/\/abakos.es\/#organization"},"potentialAction":[{"@type":"SearchAction","target":{"@type":"EntryPoint","urlTemplate":"https:\/\/abakos.es\/?s={search_term_string}"},"query-input":"required name=search_term_string"}],"inLanguage":"ca"},{"@type":"Organization","@id":"https:\/\/abakos.es\/#organization","name":"\u00e0bakos - eureka multimedia, SL","url":"https:\/\/abakos.es\/","logo":{"@type":"ImageObject","inLanguage":"ca","@id":"https:\/\/abakos.es\/#\/schema\/logo\/image\/","url":"https:\/\/abakos.es\/wordpress\/wp-content\/uploads\/2015\/10\/logo-abakos-1.png","contentUrl":"https:\/\/abakos.es\/wordpress\/wp-content\/uploads\/2015\/10\/logo-abakos-1.png","width":377,"height":92,"caption":"\u00e0bakos - eureka multimedia, SL"},"image":{"@id":"https:\/\/abakos.es\/#\/schema\/logo\/image\/"},"sameAs":["https:\/\/twitter.com\/abakos_bcn"]}]}},"_links":{"self":[{"href":"https:\/\/abakos.es\/ca\/wp-json\/wp\/v2\/pages\/1155"}],"collection":[{"href":"https:\/\/abakos.es\/ca\/wp-json\/wp\/v2\/pages"}],"about":[{"href":"https:\/\/abakos.es\/ca\/wp-json\/wp\/v2\/types\/page"}],"author":[{"embeddable":true,"href":"https:\/\/abakos.es\/ca\/wp-json\/wp\/v2\/users\/1"}],"replies":[{"embeddable":true,"href":"https:\/\/abakos.es\/ca\/wp-json\/wp\/v2\/comments?post=1155"}],"version-history":[{"count":4,"href":"https:\/\/abakos.es\/ca\/wp-json\/wp\/v2\/pages\/1155\/revisions"}],"predecessor-version":[{"id":1181,"href":"https:\/\/abakos.es\/ca\/wp-json\/wp\/v2\/pages\/1155\/revisions\/1181"}],"wp:attachment":[{"href":"https:\/\/abakos.es\/ca\/wp-json\/wp\/v2\/media?parent=1155"}],"curies":[{"name":"wp","href":"https:\/\/api.w.org\/{rel}","templated":true}]}}